
{"id":60,"date":"2008-03-28T10:46:36","date_gmt":"2008-03-28T09:46:36","guid":{"rendered":"http:\/\/www.subhash.at\/venezuela\/literatur-ua\/"},"modified":"2026-01-04T18:13:05","modified_gmt":"2026-01-04T17:13:05","slug":"literatur-ua","status":"publish","type":"page","link":"https:\/\/www.subhash.at\/venezuela\/literatur-ua\/","title":{"rendered":"Literatur und Filme"},"content":{"rendered":"<span class=\"Z3988\" title=\"ctx_ver=Z39.88-2004&amp;rft_val_fmt=info%3Aofi%2Ffmt%3Akev%3Amtx%3Adc&amp;rfr_id=info%3Asid%2Focoins.info%3Agenerator&amp;rft.type=&amp;rft.format=text&amp;rft.title=Literatur+und+Filme&amp;rft.source=Mein+Venezuela&amp;rft.date=2008-03-28&amp;rft.identifier=https%3A%2F%2Fwww.subhash.at%2Fvenezuela%2Fliteratur-ua%2F&amp;rft.language=English&amp;rft.subject=Erg%C3%A4nzungen&amp;rft.au=Subhash\"><\/span><p>Es gibt viel Material zu Venezuela. Ich gebe hier nur solches an, das ich mehr oder weniger empfehlen kann und das ich (zumindest teilweise) selbst kenne. Da ich mich noch immer mit Venezuela besch\u00e4ftige, wird sich die Liste wahrscheinlich noch erweitern. Kolumbien kommt hier leider zu kurz; das liegt daran, dass ich die aktuelle Situation in Venezuela wesentlich erfreulicher empfinde.<\/p>\n<p>Blau unterlegt sind Medien, die ich f\u00fcr EinsteigerInnen empfehle.<\/p>\n<p>Im Sinne der F\u00f6rderung regionalen Wirtschaftens schlage ich vor, Medien bei deinem lokalen H\u00e4ndler zu kaufen.<!--more--> Sollte das nicht m\u00f6glich sein oder m\u00f6chtest du mehr Information, kannst du die angegebenen Links verfolgen. Wenn du dabei B\u00fccher bei Amazon bestellst, unterst\u00fctzt du dieses Blog.<\/p>\n<h3>B\u00fccher und Zeitschriften:<\/h3>\n<ul class=\"locker\">\n<li class=\"hl\"><a href=\"http:\/\/www.marxistische-blaetter.de\/shop\/de\/dept_38.html#item_1703\">Verfassung der Bolivarischen Republik Venezuela<\/a> vom 24. M\u00e4rz 2000<br \/>\n2005, Neue Impulse Verlag, Essen<br \/>\n(siehe auch unter Navigation\/Links)<\/li>\n<li lang=\"es\"><a href=\"http:\/\/www.libreriaconsulta.com\/nueva\/store\/viewItem.asp?idProduct=480\">Constituci\u00f3n de la Rep\u00fablica Bolivariana de Venezuela<\/a><br \/>\nDiciembre de 1999 con exposici\u00f3n de motivos 24&nbsp;de marzo de 2000<\/li>\n<li><a href=\"http:\/\/diebuchmacherei.de\/verlagstitel\/utopien\/bisher_erschienen.htm#cecoseola\">Cecosesola&nbsp;&ndash; Auf dem Weg&nbsp;&ndash; Gelebte Utopie einer Kooperative in Venezuela<\/a><br \/>\n2012, Die Buchmacherei, Berlin<\/li>\n<li><a href=\"http:\/\/www.amazon.de\/exec\/obidos\/ASIN\/3899654226\/satsanotiz-21\">Dario Azzellini: Partizipation, Arbeiterkontrolle und die Commune<\/a>. Bewegungen und soziale Transformation am Beispiel Venezuela<br \/>\n2010, VSA-Verlag, Hamburg<br \/>\n&mdash;&gt; <a href=\"neues-buch-von-dario-azzellini\/\">Buchbesprechung<\/a><\/li>\n<li class=\"hl\">Michael Zeuske: <a href=\"http:\/\/www.amazon.de\/exec\/obidos\/ASIN\/3406547729\/satsanotiz-21\">Kleine Geschichte Venezuelas<\/a><br \/>\n2007, Beck Verlag, M\u00fcnchen<\/li>\n<li><a href=\"http:\/\/members.chello.at\/konakwien\/publikationen.htm\">Der KonaK&nbsp;&ndash; Reflexionen aus und \u00fcber Kontinentalamerika und die Karibik<\/a><br \/>\nZeitschrift des Forschungs- und Kulturvereines KonaK, Wien<\/li>\n<li>Andrej Holm (Hg.): <a href=\"http:\/\/www.amazon.de\/exec\/obidos\/ASIN\/3899652592\/satsanotiz-21\">Revolution als Prozess<\/a>. Selbstorganisation und Partizipation in Venezuela, 2007, VSA-Verlag Hamburg<\/li>\n<li>Dario Azzelini: <a href=\"http:\/\/www.amazon.de\/exec\/obidos\/ASIN\/3899001206\/satsanotiz-21\">Venezuela Bolivariana<\/a>. Revolution des 21.&nbsp;Jahrhunderts?<br \/>\n\u00dcberarbeitete Neuauflage 2007, Neuer ISP Verlag GmbH, K\u00f6ln<\/li>\n<li class=\"hl\">Christoph Twickel: <a href=\"http:\/\/www.amazon.de\/exec\/obidos\/ASIN\/3894014938\/satsanotiz-21\">Hugo Ch\u00e1vez<\/a>. Eine Biographie.<br \/>\n3. \u00fcberarbeitete Auflage Dez. 2007, Edition Nautilus, Verlag Lutz Schulenburg, Hamburg<\/li>\n<li>Ingo Niebel: <a href=\"http:\/\/www.amazon.de\/exec\/obidos\/ASIN\/3897068702\/satsanotiz-21\">Venezuela not for Sale<\/a>. Vision\u00e4re gegen neoliberale Putschisten<br \/>\n2006, Kai Homilius Verlag, Berlin<\/li>\n<li>Ernst F. F\u00fcrntratt-Kloep: <a href=\"http:\/\/www.amazon.de\/exec\/obidos\/ASIN\/3894383445\/satsanotiz-21\">Venezuela&nbsp;&ndash; Der Weg einer Revolution<\/a><br \/>\n2006, PapyRossa Verlag, K\u00f6ln<\/li>\n<li>Eva Golinger: <a href=\"http:\/\/www.amazon.de\/exec\/obidos\/ASIN\/3889751326\/satsanotiz-21\">Kreuzzug gegen Venezuela<\/a>&nbsp;&ndash; Der Ch\u00e1vez Code<br \/>\nEntlarviung der US-Intervention gegen Hugo Ch\u00e1vez und die Bolivarianische Revolution, Analysen und Dokumente<br \/>\n2006, Zambon Verlag<\/li>\n<li>Raul Zelik, Sabine Bitter, Helmut Weber: <a href=\"http:\/\/www.amazon.de\/exec\/obidos\/ASIN\/3935936281\/satsanotiz-21\">Made in Venezuela<\/a>. Notizen zur &#8222;bolivarianischen Revolution&#8220;<br \/>\n2005, Verlag Assoziation A, Berlin, Hamburg, G\u00f6ttingen<\/li>\n<li>Oliver Diehl, Wolfgang Muno (Hrsg.):<br \/>\n<a href=\"http:\/\/www.amazon.de\/exec\/obidos\/ASIN\/3865271804\/satsanotiz-21\">Venezuela unter Ch\u00e1vez&nbsp;&ndash; Aufbruch oder Niedergang<\/a>?<br \/>\n2005, Vervuert Verlag, Frankfurt am Main<\/li>\n<li class=\"hl\">Sahra Wagenknecht (Hg.): <a href=\"http:\/\/www.amazon.de\/exec\/obidos\/ASIN\/3360010558\/satsanotiz-21\">Al\u00f3 Presidente<\/a>. Hugo Ch\u00e1vez und Venezuelas Zukunft<br \/>\n2004, Das Neue Berlin VerlagsgmbH, edition ost, Berlin<\/li>\n<li class=\"hl\">Kollektiv p.i.s.o. 16: <a href=\"http:\/\/www.amazon.de\/exec\/obidos\/ASIN\/3980997014\/satsanotiz-21\">Venezuela. Welcome to our Revolution.<\/a> Innenansichten des bolivarianischen Prozesses, 2004, Gegen den Strom, M\u00fcnchen<\/li>\n<\/ul>\n<ul class=\"locker\">\n<li>Diethelm Kaiser, Olivia Gordones, Volker Alsen: <a href=\"http:\/\/www.amazon.de\/exec\/obidos\/ASIN\/3831714657\/satsanotiz-21\">Venezuela<\/a><br \/>\n2007, Reise Know-How Verlag, Bielefeld<\/li>\n<li>Olivia Gordones, Diethelm Kaiser: <a href=\"http:\/\/www.amazon.de\/exec\/obidos\/ASIN\/3894162767\/satsanotiz-21\">Kauderwelsch, Spanisch f\u00fcr Venezuela<\/a><br \/>\n2006, Reise Know-How Verlag, Bielefeld<\/li>\n<\/ul>\n<ul class=\"locker\">\n<li lang=\"en\">Michael Kohn, Robert Landon, Thomas Kohnstamm: <a href=\"http:\/\/www.amazon.de\/exec\/obidos\/ASIN\/1741042844\/satsanotiz-21\">Colombia<\/a> (english)<br \/>\n2006, Lonely Planet Publications<\/li>\n<\/ul>\n<h3>Fotobuch<\/h3>\n<ul class=\"locker\">\n<li>Subhash: <a href=\"\/blog\/buch-caracas-cartagena\">Von Caracas nach Cartagena<\/a>&nbsp;&ndash; eBook mit 40 Bildern dieser Reise<br \/>\n2011, Eigenverlag<\/li>\n<\/ul>\n<h3>Filme<\/h3>\n<ul class=\"locker\">\n<li>Nikolaus Braunsh\u00f6r; <a href=\"http:\/\/www.jfw.at\/2010\/?page_id=487\">526<\/a>&nbsp;&ndash; ein Film \u00fcber die Emigration Wiener J\u00fcd*innen nach Kolumbien<br \/>\n2011, 52 min.<\/li>\n<li>Dario Azzellini, Oliver Ressler: <a href=\"http:\/\/www.azzellini.net\/film.htm\" title=\"Film kaufen\">Comuna im Aufbau<\/a>&nbsp;&ndash; Ein Film \u00fcber lokale Selbstverwaltung in Venezuela<br \/>\n2010, 94&nbsp;min, Spanisch mit deutschen oder englischen Untertiteln<\/li>\n<li class=\"hl\">Oliver Stone: <a href=\"http:\/\/southoftheborderdoc.com\/\" title=\"\" lang=\"en\">South of the Border<\/a>&nbsp;&ndash; <span lang=\"en\">&#8222;This is a revolution \u2026peaceful but armed&#8220;<\/span> <span lang=\"es\">(Presidente Hugo Ch\u00e1vez)<\/span><br \/>\n2009, 78&nbsp;min, Englisch oder Spanisch<\/li>\n<li>Dario Azzellini, Oliver Ressler: <a href=\"http:\/\/www.docushop.at\/product_info.php?info=p196_5-FABRIKEN.html\">5&nbsp;Fabriken<\/a>&nbsp;&ndash; Arbeiterkontrolle in Venezuela<br \/>\n2006, Deutschland\/\u00d6sterreich, 81&nbsp;min, <a href=\"http:\/\/www.docushop.at\/\">www.docushop.at<\/a><\/li>\n<li>Carsten Rothballer: <a href=\"http:\/\/www.konak-wien.org\/\" title=\"Eventuell ist ein Bezug \u00fcber das KonaK Wien m\u00f6glich\">Venezuela&nbsp;\u2013 Revolution\u00e4re Identit\u00e4t<\/a><br \/>\n2005 (?), \u00d6sterreich, 78&nbsp;min<\/li>\n<li>Rom\u00e1n Chalbaud: El Caracazo<br \/>\n2005, Venezuela, 106&nbsp;min<\/li>\n<li>Dario Azzellini, Oliver Ressler: <a href=\"http:\/\/www.docushop.at\/product_info.php?info=p21_VENEZUELA-VON-UNTEN.html\">Venezuela von unten<\/a><br \/>\n2004, \u00d6sterreich, 67&nbsp;min, <a href=\"http:\/\/www.docushop.at\/\">www.docushop.at<\/a><\/li>\n<li>Calle y Media: <a href=\"http:\/\/www.calleymedia.org\">Venezuela Bolivariana<\/a>&nbsp;&ndash; Pueblo y lucha de la IV guerra mundial<br \/>\n2004, Venezuela, 77&nbsp;min; Spanisch mit engl. Untertiteln<\/li>\n<li class=\"hl\">Kim Bartles, Donnacha O&#8217;Brien: <a href=\"http:\/\/www.chavezthefilm.com\">The revolution will not be televised<\/a><br \/>\n2003, Irland, 74&nbsp;min, siehe auch <a href=\"film-ueber-putsch-gegen-chavez\/\">Internetversion<\/a><\/li>\n<\/ul>\n","protected":false},"excerpt":{"rendered":"<p>Es gibt viel Material zu Venezuela. Ich gebe hier nur solches an, das ich mehr oder weniger empfehlen kann und das ich (zumindest teilweise) selbst kenne. Da ich mich noch immer mit Venezuela besch\u00e4ftige, wird sich die Liste wahrscheinlich noch erweitern. Kolumbien kommt hier leider zu kurz; das liegt daran, dass ich die aktuelle Situation [&hellip;]<\/p>\n","protected":false},"author":2,"featured_media":0,"parent":0,"menu_order":0,"comment_status":"closed","ping_status":"closed","template":"","meta":{"ngg_post_thumbnail":0,"footnotes":""},"class_list":["post-60","page","type-page","status-publish","hentry"],"aioseo_notices":[],"_links":{"self":[{"href":"https:\/\/www.subhash.at\/venezuela\/wp-json\/wp\/v2\/pages\/60","targetHints":{"allow":["GET"]}}],"collection":[{"href":"https:\/\/www.subhash.at\/venezuela\/wp-json\/wp\/v2\/pages"}],"about":[{"href":"https:\/\/www.subhash.at\/venezuela\/wp-json\/wp\/v2\/types\/page"}],"author":[{"embeddable":true,"href":"https:\/\/www.subhash.at\/venezuela\/wp-json\/wp\/v2\/users\/2"}],"replies":[{"embeddable":true,"href":"https:\/\/www.subhash.at\/venezuela\/wp-json\/wp\/v2\/comments?post=60"}],"version-history":[{"count":29,"href":"https:\/\/www.subhash.at\/venezuela\/wp-json\/wp\/v2\/pages\/60\/revisions"}],"predecessor-version":[{"id":868,"href":"https:\/\/www.subhash.at\/venezuela\/wp-json\/wp\/v2\/pages\/60\/revisions\/868"}],"wp:attachment":[{"href":"https:\/\/www.subhash.at\/venezuela\/wp-json\/wp\/v2\/media?parent=60"}],"curies":[{"name":"wp","href":"https:\/\/api.w.org\/{rel}","templated":true}]}}