
{"id":18,"date":"2007-12-09T16:55:44","date_gmt":"2007-12-09T15:55:44","guid":{"rendered":"http:\/\/www.subhash.at\/venezuela\/film-ueber-putsch-gegen-chavez\/"},"modified":"2026-01-04T17:59:31","modified_gmt":"2026-01-04T16:59:31","slug":"film-ueber-putsch-gegen-chavez","status":"publish","type":"page","link":"https:\/\/www.subhash.at\/venezuela\/film-ueber-putsch-gegen-chavez\/","title":{"rendered":"Film \u00fcber Putsch gegen Ch\u00e1vez"},"content":{"rendered":"<span class=\"Z3988\" title=\"ctx_ver=Z39.88-2004&amp;rft_val_fmt=info%3Aofi%2Ffmt%3Akev%3Amtx%3Adc&amp;rfr_id=info%3Asid%2Focoins.info%3Agenerator&amp;rft.type=&amp;rft.format=text&amp;rft.title=Film+%C3%BCber+Putsch+gegen+Ch%C3%A1vez&amp;rft.source=Mein+Venezuela&amp;rft.date=2007-12-09&amp;rft.identifier=https%3A%2F%2Fwww.subhash.at%2Fvenezuela%2Ffilm-ueber-putsch-gegen-chavez%2F&amp;rft.language=English&amp;rft.subject=Vorbereitung&amp;rft.au=Subhash\"><\/span><h3 style=\"margin-top: 1em;\">The Revolution will not be televised<\/h3>\n<p>Durch Zufall konnte ein irisches Filmteam direkt den Putsch gegen den venezolanischen Pr\u00e4sidenten Hugo Ch\u00e1vez am 11. April 2002 filmen. Hier ist die Dokumentation in voller L\u00e4nge mit deutschen Untertiteln zu sehen.<!--more--> Unter dem Titel \u201eStaatsstreich von innen\u201d lief dieser Film in einer leicht gek\u00fcrzten Fassung vor einigen Jahren auch im ZDF und bei Arte. (Die vorliegende Fassung wird verbreitet vom Venezuela Information Office in den USA, Quelle: <a href=\"http:\/\/www.venezuela-aktuell.de\/\">www.venezuela-aktuell.de<\/a>)<\/p>\n<div class=\"c\"><a href=\"https:\/\/vimeo.com\/513876099\">https:\/\/vimeo.com\/513876099<\/a><\/div>\n<p>Am 24. September \u201907 schrieb ich dazu:<\/p>\n<blockquote><p>So eine Begeisterung f\u00fcr Politik, also f\u00fcr die gemeinsamen, \u00f6ffentlichen Angelegenheiten m\u00f6chte ich einmal bei uns erleben! Unsere Egozentrik (und Depression, vielleicht gerade daher) hier im neoliberalen Westen ist schon sehr stark. Je mehr ich mich mit diesem Thema besch\u00e4ftige, desto mehr erkenne ich das. Ich sehe auch, dass wir uns sch\u00e4men m\u00fcssten, unsere Staatsform als Demokratie zu bezeichnen. Das Volk hat bei uns gar nichts zu sagen. (Leider l\u00e4sst es sich das bisher fast unwidersprochen gefallen. Zwei verlorene Weltkriege scheinen uns sehr im Genick zu sitzen, so kollektiv unbewusst gesehen.) Wie anders ist das anscheinend in Venezuela oder in Chiapas oder in den L\u00e4ndern der Mercosur! Kann man bei uns einen Politiker nach der H\u00e4lfte seiner Amtszeit abw\u00e4hlen wie in der Bolivarianischen Republik Venezuela, weil er z. B. die Wahlversprechen gebrochen hat?<\/p><\/blockquote>\n","protected":false},"excerpt":{"rendered":"<p>The Revolution will not be televised Durch Zufall konnte ein irisches Filmteam direkt den Putsch gegen den venezolanischen Pr\u00e4sidenten Hugo Ch\u00e1vez am 11. April 2002 filmen. Hier ist die Dokumentation in voller L\u00e4nge mit deutschen Untertiteln zu sehen.<\/p>\n","protected":false},"author":2,"featured_media":0,"parent":0,"menu_order":1,"comment_status":"closed","ping_status":"closed","template":"","meta":{"ngg_post_thumbnail":0,"footnotes":""},"class_list":["post-18","page","type-page","status-publish","hentry"],"aioseo_notices":[],"_links":{"self":[{"href":"https:\/\/www.subhash.at\/venezuela\/wp-json\/wp\/v2\/pages\/18","targetHints":{"allow":["GET"]}}],"collection":[{"href":"https:\/\/www.subhash.at\/venezuela\/wp-json\/wp\/v2\/pages"}],"about":[{"href":"https:\/\/www.subhash.at\/venezuela\/wp-json\/wp\/v2\/types\/page"}],"author":[{"embeddable":true,"href":"https:\/\/www.subhash.at\/venezuela\/wp-json\/wp\/v2\/users\/2"}],"replies":[{"embeddable":true,"href":"https:\/\/www.subhash.at\/venezuela\/wp-json\/wp\/v2\/comments?post=18"}],"version-history":[{"count":8,"href":"https:\/\/www.subhash.at\/venezuela\/wp-json\/wp\/v2\/pages\/18\/revisions"}],"predecessor-version":[{"id":860,"href":"https:\/\/www.subhash.at\/venezuela\/wp-json\/wp\/v2\/pages\/18\/revisions\/860"}],"wp:attachment":[{"href":"https:\/\/www.subhash.at\/venezuela\/wp-json\/wp\/v2\/media?parent=18"}],"curies":[{"name":"wp","href":"https:\/\/api.w.org\/{rel}","templated":true}]}}