
{"id":16,"date":"2007-12-07T08:54:42","date_gmt":"2007-12-07T07:54:42","guid":{"rendered":"http:\/\/www.subhash.at\/venezuela\/impressum\/"},"modified":"2019-06-14T08:54:49","modified_gmt":"2019-06-14T06:54:49","slug":"impressum","status":"publish","type":"page","link":"https:\/\/www.subhash.at\/venezuela\/impressum\/","title":{"rendered":"Impressum"},"content":{"rendered":"<span class=\"Z3988\" title=\"ctx_ver=Z39.88-2004&amp;rft_val_fmt=info%3Aofi%2Ffmt%3Akev%3Amtx%3Adc&amp;rfr_id=info%3Asid%2Focoins.info%3Agenerator&amp;rft.type=&amp;rft.format=text&amp;rft.title=Impressum&amp;rft.source=Mein+Venezuela&amp;rft.date=2007-12-07&amp;rft.identifier=https%3A%2F%2Fwww.subhash.at%2Fvenezuela%2Fimpressum%2F&amp;rft.language=English&amp;rft.subject=Vorbereitung&amp;rft.au=Subhash\"><\/span><p>Autor, Webdesign (Theme), Anpassung des CMS, Text und Fotos (wenn nicht anders angegeben):<br \/>\nSubhash (<a href=\"https:\/\/www.subhash.at\/\">www.subhash.at<\/a>)<br \/>\nHausbach&nbsp;31<br \/>\n3900 Schwarzenau<br \/>\n\u00d6sterreich<\/p>\n<div class=\"fr\"><img decoding=\"async\" class=\"nb\" src=\"http:\/\/creativecommons.org\/icon\/by\/standard.gif\" alt=\"give credits\" title=\"Namensnennung\" \/>&nbsp;<img loading=\"lazy\" decoding=\"async\" class=\"nb\" alt=\"non-comercial\" src=\"http:\/\/creativecommons.org\/icon\/nc\/standard.gif\" title=\"nicht kommerziell\" width=\"32\" height=\"32\" \/>&nbsp;<img decoding=\"async\" class=\"nb\" src=\"http:\/\/creativecommons.org\/icon\/nd\/standard.gif\" alt=\"no derivative\" title=\"keine Bearbeitung\" \/><\/div>\n<h3>Nutzungsrecht<\/h3>\n<p><strong>Eigene<\/strong> Texte und Bilder unterliegen der <a rel=\"license\" href=\"http:\/\/creativecommons.org\/licenses\/by-nc-nd\/3.0\/at\/\">CreativeCommons-Lizenz in folgender Fassung<\/a>:&nbsp;<a rel=\"license\" href=\"http:\/\/creativecommons.org\/licenses\/by-nc-nd\/3.0\/at\/\"><img decoding=\"async\" class=\"licence\" src=\"http:\/\/i.creativecommons.org\/l\/by-nc-nd\/3.0\/80x15.png\" alt=\"Creative Commons License\" \/><\/a><br \/>\nQuellenangabe: \u201e\u00a9 Subhash (www.subhash.at)\u201d. Unter &#8222;Werk&#8220; ist jeweils ein Bild oder ein Artikel zu verstehen (hier &#8222;Bericht&#8220;, &#8222;Beitrag&#8220;, &#8222;Eintrag&#8220; oder &#8222;Seite&#8220; genannt). Volle Bildaufl\u00f6sungen auf Anfrage.<\/p>\n<h3>Haftung<\/h3>\n<p>Es wird keinerlei Haftung f\u00fcr externe Links und den Inhalt verlinkter Websites \u00fcbernommen, da weder Einfluss darauf besteht, noch eine kontinuierliche \u00dcberpr\u00fcfung m\u00f6glich ist. <\/p>\n<h3>Kontakt<\/h3>\n<p>Kontakt bitte \u00fcber das <a href=\"\/venezuela\/kontakt\/\">Kontaktformular<\/a>.<\/p>\n","protected":false},"excerpt":{"rendered":"<p>Autor, Webdesign (Theme), Anpassung des CMS, Text und Fotos (wenn nicht anders angegeben): Subhash (www.subhash.at) Hausbach&nbsp;31 3900 Schwarzenau \u00d6sterreich &nbsp;&nbsp; Nutzungsrecht Eigene Texte und Bilder unterliegen der CreativeCommons-Lizenz in folgender Fassung:&nbsp; Quellenangabe: \u201e\u00a9 Subhash (www.subhash.at)\u201d. Unter &#8222;Werk&#8220; ist jeweils ein Bild oder ein Artikel zu verstehen (hier &#8222;Bericht&#8220;, &#8222;Beitrag&#8220;, &#8222;Eintrag&#8220; oder &#8222;Seite&#8220; genannt). Volle Bildaufl\u00f6sungen [&hellip;]<\/p>\n","protected":false},"author":2,"featured_media":0,"parent":0,"menu_order":0,"comment_status":"closed","ping_status":"open","template":"","meta":{"ngg_post_thumbnail":0,"footnotes":""},"class_list":["post-16","page","type-page","status-publish","hentry"],"aioseo_notices":[],"_links":{"self":[{"href":"https:\/\/www.subhash.at\/venezuela\/wp-json\/wp\/v2\/pages\/16","targetHints":{"allow":["GET"]}}],"collection":[{"href":"https:\/\/www.subhash.at\/venezuela\/wp-json\/wp\/v2\/pages"}],"about":[{"href":"https:\/\/www.subhash.at\/venezuela\/wp-json\/wp\/v2\/types\/page"}],"author":[{"embeddable":true,"href":"https:\/\/www.subhash.at\/venezuela\/wp-json\/wp\/v2\/users\/2"}],"replies":[{"embeddable":true,"href":"https:\/\/www.subhash.at\/venezuela\/wp-json\/wp\/v2\/comments?post=16"}],"version-history":[{"count":11,"href":"https:\/\/www.subhash.at\/venezuela\/wp-json\/wp\/v2\/pages\/16\/revisions"}],"predecessor-version":[{"id":833,"href":"https:\/\/www.subhash.at\/venezuela\/wp-json\/wp\/v2\/pages\/16\/revisions\/833"}],"wp:attachment":[{"href":"https:\/\/www.subhash.at\/venezuela\/wp-json\/wp\/v2\/media?parent=16"}],"curies":[{"name":"wp","href":"https:\/\/api.w.org\/{rel}","templated":true}]}}