
{"id":15,"date":"2007-12-06T17:49:33","date_gmt":"2007-12-06T16:49:33","guid":{"rendered":"http:\/\/www.subhash.at\/venezuela\/hilfe\/"},"modified":"2009-01-04T15:00:18","modified_gmt":"2009-01-04T14:00:18","slug":"hilfe","status":"publish","type":"page","link":"https:\/\/www.subhash.at\/venezuela\/hilfe\/","title":{"rendered":"Hilfe"},"content":{"rendered":"<span class=\"Z3988\" title=\"ctx_ver=Z39.88-2004&amp;rft_val_fmt=info%3Aofi%2Ffmt%3Akev%3Amtx%3Adc&amp;rfr_id=info%3Asid%2Focoins.info%3Agenerator&amp;rft.type=&amp;rft.format=text&amp;rft.title=Hilfe&amp;rft.source=Mein+Venezuela&amp;rft.date=2007-12-06&amp;rft.identifier=https%3A%2F%2Fwww.subhash.at%2Fvenezuela%2Fhilfe%2F&amp;rft.language=English&amp;rft.subject=Vorbereitung&amp;rft.au=Subhash\"><\/span><p>Das ist ein Blog, ein \u201eWebtagebuch\u201d. In diesem Fall ein Reisetagebuch \u00fcber Venezuela und Kolumbien.<\/p>\n<p>Auf der <strong>Startseite<\/strong>, zu der man jederzeit durch Klick auf die \u00dcberschrift ganz oben (\u201eMein Venezuela\u201d) kommt, befinden sich die zuletzt geschriebenen Eintr\u00e4ge aus allen Kategorien geordnet nach Zeit (neuester oben). <em>Beachte bitte: Die Zeitangaben bei den Beitr\u00e4gen oder den &#8222;letzten \u00c4nderungen&#8220; sind Wiener Zeit, da der Webserver dieses Blogs in Wien steht. Venezuelas Zeit ist f\u00fcnfeinhalb Stunden fr\u00fcher, kolumbianische sechs.<\/em><\/p>\n<p>Links findest du die Navigation.<\/p>\n<p>Ganz oben den <strong>Kalender,<\/strong> wo du Tage mit Eintr\u00e4gen fett und unterstrichen hervorgehoben siehst und auch gleich anklicken kannst. Unter dem aktuellen Monat finden sich ein Link zum vorigen, und wenn man ein fr\u00fcheres Monat ansieht, auch ein Link zum n\u00e4chsten.<\/p>\n<p>Eine andere M\u00f6glichkeit Eintr\u00e4ge zu sehen, ist die Auflistung der <strong>Kategorien,<\/strong> gleich unter dem Kalender. Klickst du eine Kategorie an, siehst du die Eintr\u00e4ge in nur dieser Kategorie samt den ersten Zeilen, geordnet nach Zeit (neuester oben). Der Link \u201eWeiterlesen&nbsp;&hellip;\u201d bringt dich zum <strong>Artikel in voller L\u00e4nge.<\/strong> Zwischen Artikel und den Kommentaren befinden sich Links zum vorigen und n\u00e4chsten Artikel wenn vorhanden. Darunter kannst du etwaige Reaktionen lesen oder auch selbst einen <strong>Kommentar<\/strong> abgeben. (Kommentare erscheinen nicht gleich nach Absenden auf der Seite, sondern m\u00fcssen erst durch mich freigegeben werden.)<\/p>\n<p>In der Navigation befindet sich unter den Kategorien das <strong>Archiv<\/strong> aller Eintr\u00e4ge geordnet nach Monaten.<\/p>\n<p>Danach die Liste der so genannten <strong>&#8222;Festen Seiten&#8220;.<\/strong> Das sind Artikel oder andere Texte, die nicht in Kategorien eingeordnet sind, nicht auf der Startseite erscheinen, aber immer in der Navigation aufgelistet bleiben.<\/p>\n<p>Die <strong>Suche<\/strong> durchsucht alle Kategorien, alle statischen Seiten und alle ver\u00f6ffentlichten Kommentare.<\/p>\n<p>Unter <strong>\u201eLinks\u201d<\/strong> findest du andere Websites \u00fcber Venezuela.<\/p>\n<p>Du kannst dieses Blog oder nur die Kommentare auch als <strong>RSS-Feed<\/strong> abbonieren (unter <strong>\u201eMeta\u201d).<\/strong><\/p>\n<p>Viele <strong>Bilder<\/strong> k\u00f6nnen durch Anklicken gr\u00f6\u00dfer gesehen werden. Im aufgehenden &#8222;Fenster&#8220; befindet sich links unten dann noch ein Link um das Bild in voller Gr\u00f6\u00dfe sehen zu k\u00f6nnen. So kann es dann auch runtergeladen werden. Rechtsklick bzw. Control-Klick (Mac) aufs Bild und &#8222;Speichern&nbsp;&hellip;&#8220; w\u00e4hlen. <strong>Beachte bitte dabei das Nutzungsrecht:<\/strong> F\u00fcr private Zwecke frei (Ver\u00f6ffentlichung aber nur unbearbeitet und mit Quellenangabe: &#8222;&copy; Subhash (www.subhash.at)&#8220;) <a rel=\"license\" href=\"..\/impressum\"><img decoding=\"async\" class=\"licence\" src=\"http:\/\/i.creativecommons.org\/l\/by-nc-nd\/2.0\/80x15.png\" alt=\"Creative Commons License\" \/><\/a>, f\u00fcr kommerzielle oder gemeinn\u00fctzige Verwendung bitte ich um <a href=\"\/venezuela\/kontakt\/\">Kontaktaufnahme<\/a>.<br \/>\nNoch ein Hinweis zu den <strong lang=\"en\">&#8222;Slideshows&#8220;:<\/strong> Diese zeigen Hochformatbilder in voller Breite, aber oben und unten werden sie stark beschnitten! Die kompletten Hochformate sieht man nur, wenn man eine Vorschau direkt anklickt.<\/p>\n<p>Wenn dir die <strong>Schrift zu klein<\/strong> ist, kannst du sie dir vergr\u00f6\u00dfern. Und zwar so:<\/p>\n<table>\n<tr>\n<td>Safari<\/td>\n<td><code>\"Men\u00fczeile\/Darstellung\/Schrift gr\u00f6\u00dfer\"<\/code><\/td>\n<\/tr>\n<tr>\n<td>Firefox<\/td>\n<td><code>\"Men\u00fczeile\/Ansicht\/Schriftgrad\/Vergr\u00f6\u00dfern\"<\/code><\/td>\n<\/tr>\n<tr>\n<td>Internet&nbsp;Explorer<\/td>\n<td><code>\"Men\u00fczeile\/Ansicht\/Schriftgrad\/gr\u00f6\u00dfer\"<\/code><\/td>\n<\/tr>\n<\/table>\n<p>Einen Schritt an Vergr\u00f6\u00dferung vertr\u00e4gt das Layout noch gut.<\/p>\n","protected":false},"excerpt":{"rendered":"<p>Das ist ein Blog, ein \u201eWebtagebuch\u201d. In diesem Fall ein Reisetagebuch \u00fcber Venezuela und Kolumbien. Auf der Startseite, zu der man jederzeit durch Klick auf die \u00dcberschrift ganz oben (\u201eMein Venezuela\u201d) kommt, befinden sich die zuletzt geschriebenen Eintr\u00e4ge aus allen Kategorien geordnet nach Zeit (neuester oben). Beachte bitte: Die Zeitangaben bei den Beitr\u00e4gen oder den [&hellip;]<\/p>\n","protected":false},"author":2,"featured_media":0,"parent":0,"menu_order":0,"comment_status":"closed","ping_status":"closed","template":"","meta":{"ngg_post_thumbnail":0,"footnotes":""},"class_list":["post-15","page","type-page","status-publish","hentry"],"aioseo_notices":[],"_links":{"self":[{"href":"https:\/\/www.subhash.at\/venezuela\/wp-json\/wp\/v2\/pages\/15","targetHints":{"allow":["GET"]}}],"collection":[{"href":"https:\/\/www.subhash.at\/venezuela\/wp-json\/wp\/v2\/pages"}],"about":[{"href":"https:\/\/www.subhash.at\/venezuela\/wp-json\/wp\/v2\/types\/page"}],"author":[{"embeddable":true,"href":"https:\/\/www.subhash.at\/venezuela\/wp-json\/wp\/v2\/users\/2"}],"replies":[{"embeddable":true,"href":"https:\/\/www.subhash.at\/venezuela\/wp-json\/wp\/v2\/comments?post=15"}],"version-history":[{"count":2,"href":"https:\/\/www.subhash.at\/venezuela\/wp-json\/wp\/v2\/pages\/15\/revisions"}],"predecessor-version":[{"id":214,"href":"https:\/\/www.subhash.at\/venezuela\/wp-json\/wp\/v2\/pages\/15\/revisions\/214"}],"wp:attachment":[{"href":"https:\/\/www.subhash.at\/venezuela\/wp-json\/wp\/v2\/media?parent=15"}],"curies":[{"name":"wp","href":"https:\/\/api.w.org\/{rel}","templated":true}]}}