{"id":13597,"date":"2020-06-26T10:47:22","date_gmt":"2020-06-26T08:47:22","guid":{"rendered":"https:\/\/www.subhash.at\/fotoblog\/?page_id=13597"},"modified":"2022-10-01T08:07:26","modified_gmt":"2022-10-01T06:07:26","slug":"bigger-picture-regeln","status":"publish","type":"page","link":"https:\/\/www.subhash.at\/fotoblog\/bigger-picture-regeln\/","title":{"rendered":"Projekt \u201eSee the bigger picture\u201d&nbsp;&ndash; Die Regeln"},"content":{"rendered":"<p>\u201eSee the bigger picture\u201d ist ein <a href=\"http:\/\/www.biggerpicturecards.com\/epages\/78614059.sf\/de_DE\/?ObjectPath=\/Shops\/78614059\/Products\/002\">Kartenset von Kilian Kunz<\/a> mit 40&nbsp;Karten, die fotografische Aufgaben stellen, und 10 so genannten \u201eWissenskarten\u201d, die Grundlagen der Bildgestaltung behandeln. Insgesamt sind also 400&nbsp;Kombinationen m\u00f6glich. Es haben sich Fotograf*innen zusammengefunden, die gemeinsam ein Spiel spielen.<br \/>\n<img loading=\"lazy\" decoding=\"async\" style=\"border: 0;\" src=\"https:\/\/www.subhash.at\/fotoblog\/wp-content\/uploads\/stbp-3_206154233.jpg\" alt=\"Kartenset \u201eSee the bigger picture\u201d\" title=\"\" width=\"545\" height=\"436\" class=\"aligncenter size-full wp-image-13586\" srcset=\"https:\/\/www.subhash.at\/fotoblog\/wp-content\/uploads\/stbp-3_206154233.jpg 545w, https:\/\/www.subhash.at\/fotoblog\/wp-content\/uploads\/stbp-3_206154233-150x120.jpg 150w, https:\/\/www.subhash.at\/fotoblog\/wp-content\/uploads\/stbp-3_206154233-513x410.jpg 513w\" sizes=\"auto, (max-width: 545px) 100vw, 545px\" \/><\/p>\n<h3>Hier unsere Regeln<\/h3>\n<p>An jedem Monatsersten wird hier in diesem Fotoblog um 8&nbsp;Uhr morgens eine so genannte \u201eAufgabenkarte\u201d des Sets  bekannt gegeben. Jede*r Teilnehmer*in zieht f\u00fcr sich dazu eine Wissenskarte (und beh\u00e4lt sie f\u00fcr sich). Beide Karten ergeben seine\/ihre fotografische Aufgabe f\u00fcr den betreffenden Monat. Es k\u00f6nnte also sein, dass sich f\u00fcr jede*n eine andere Aufgabe ergibt.<br \/>\nJede*r Mitspieler*in <a href=\"javascript:secureDecryptAndNavigate('9a1P28lUjRtK530z78rVLE1cHl5e7V7PIeEJeU5FXGKcAvw1n+5VBCTSalVmvqsFhJl5AZRu6MBzPu1\/ykD5NcHdLYqHYotpD4hrVg==', 'd4c6e445d67edc6787d74ada7b7d41bc1da13695eba878decc2ecf716c59dd72')\">mailt<\/a> mir dann bis drei Tage vor Monatsschluss <em>eine einzige<\/em> Fotografie (in der H\u00f6he <em>nicht mehr als 768 px,<\/em> nach Belieben mit Wasserzeichen), die \u201eL\u00f6sung\u201d ihrer bzw. seiner Aufgabe, und meldet mir, welche Wissenskarte die Kombination ergab.<br \/>\nIch ver\u00f6ffentliche am n\u00e4chsten Ersten alle eingeschickten Fotos und gebe die n\u00e4chste Karte bekannt, die wir reihum im Alphabet aus den noch nicht vorgekommenen Aufgabenkarten ziehen werden.<\/p>\n<ul>\n<li style=\"margin-bottom: 0.7em;\">Alle Beitr\u00e4ge zu diesem Projekt k\u00f6nnen unter dem Schlagworten <a href=\"https:\/\/www.subhash.at\/fotoblog\/tag\/seethebiggerpicture\">seethebiggerpicture<\/a> oder <a href=\"https:\/\/www.subhash.at\/fotoblog\/tag\/stbp\">stbp<\/a> abgerufen werden.<\/li>\n<li style=\"margin-bottom: 0.7em;\">Die Fotografien alleine sieht man <a href=\"https:\/\/www.subhash.at\/fotoblog\/stbp-einsendungen\/\">hier<\/a> versammelt.<\/li>\n<li>Beitr\u00e4ge einer oder eines bestimmten Teilnehmenden sind hier aufzusuchen:<br \/>\n<form action=\"https:\/\/www.subhash.at\/fotoblog\/stbp-autorin\/\" method=\"GET\" id=\"autorenformular\"><input id=\"autor\" type=\"text\" name=\"autor\" value=\"Name eingeben\" onFocus=\"javascript: document.getElementById('autor').value='';\" \/>&nbsp;<input type=\"submit\" value=\"Aufrufen\" \/><\/form>\n<p style=\"margin-top: 0 !important; padding-top: 0 !important;\"><small>(Gro\u00df- und Kleinschreibung werden ber\u00fccksichtigt!)<\/small><\/p>\n<\/li>\n<li>Beitr\u00e4ge zu einer bestimmten \u201eWissenskarte\u201d finden:<br \/>\n<form action=\"https:\/\/www.subhash.at\/fotoblog\/stbp-autorin\/\" method=\"GET\" id=\"wskformular\"><input id=\"wsk\" type=\"text\" name=\"wsk\" value=\"Wissenskarte eingeben\" onFocus=\"javascript: document.getElementById('wsk').value='W';\" \/>&nbsp;<input type=\"submit\" value=\"Aufrufen\" \/><\/form>\n<p style=\"margin-top: 0 !important; padding-top: 0 !important;\"><small>(samt \u201eW\u201d eingeben!)<\/small><\/p>\n<\/li>\n<\/ul>\n<!-- Inzwischen nehmen 12&nbsp;Leute teil, und es werden keine neuen Anmeldungen mehr angenommen. Du kannst dich auf die <a href=\"mailto:fo&#116;ogr&#97;f&#105;e&#64;subha&#115;h&#46;a&#116;?subject=Warteliste+Stbp\">Warteliste<\/a> setzen lassen oder (besser) Dein eigenes See-the-bigger-picture-Projekt starten. --><\/p>\n<p>Derzeit sind Pl\u00e4tze frei: <a href=\"mailto:&#102;o&#116;&#111;g&#114;&#97;f&#105;&#101;&#64;sub&#104;&#97;&#115;h.&#97;&#116;?subject=Stbp-Anmeldung\">Anmeldung<\/a><\/p>","protected":false},"excerpt":{"rendered":"<p>\u201eSee the bigger picture\u201d ist ein Kartenset von Kilian Kunz mit 40&nbsp;Karten, die fotografische Aufgaben stellen, und 10 so genannten \u201eWissenskarten\u201d, die Grundlagen der Bildgestaltung behandeln. Insgesamt sind also 400&nbsp;Kombinationen m\u00f6glich. Es haben sich Fotograf*innen zusammengefunden, die gemeinsam ein Spiel &hellip; <a href=\"https:\/\/www.subhash.at\/fotoblog\/bigger-picture-regeln\/\">Weiterlesen <span class=\"meta-nav\">&rarr;<\/span><\/a><\/p>\n","protected":false},"author":1,"featured_media":0,"parent":0,"menu_order":0,"comment_status":"open","ping_status":"open","template":"sidebar-page.php","meta":{"footnotes":"","_wp_rev_ctl_limit":""},"class_list":["post-13597","page","type-page","status-publish","hentry"],"aioseo_notices":[],"_links":{"self":[{"href":"https:\/\/www.subhash.at\/fotoblog\/wp-json\/wp\/v2\/pages\/13597","targetHints":{"allow":["GET"]}}],"collection":[{"href":"https:\/\/www.subhash.at\/fotoblog\/wp-json\/wp\/v2\/pages"}],"about":[{"href":"https:\/\/www.subhash.at\/fotoblog\/wp-json\/wp\/v2\/types\/page"}],"author":[{"embeddable":true,"href":"https:\/\/www.subhash.at\/fotoblog\/wp-json\/wp\/v2\/users\/1"}],"replies":[{"embeddable":true,"href":"https:\/\/www.subhash.at\/fotoblog\/wp-json\/wp\/v2\/comments?post=13597"}],"version-history":[{"count":5,"href":"https:\/\/www.subhash.at\/fotoblog\/wp-json\/wp\/v2\/pages\/13597\/revisions"}],"predecessor-version":[{"id":15957,"href":"https:\/\/www.subhash.at\/fotoblog\/wp-json\/wp\/v2\/pages\/13597\/revisions\/15957"}],"wp:attachment":[{"href":"https:\/\/www.subhash.at\/fotoblog\/wp-json\/wp\/v2\/media?parent=13597"}],"curies":[{"name":"wp","href":"https:\/\/api.w.org\/{rel}","templated":true}]}}