{"id":18,"date":"2011-11-03T15:05:09","date_gmt":"2011-11-03T14:05:09","guid":{"rendered":"http:\/\/www.subhash.at\/fotoblog\/versandkosten"},"modified":"2020-10-16T20:43:15","modified_gmt":"2020-10-16T18:43:15","slug":"versandkosten","status":"publish","type":"page","link":"https:\/\/www.subhash.at\/fotoblog\/en\/versandkosten\/","title":{"rendered":"Shipping costs"},"content":{"rendered":"<p>I deliver to all countries of the European Union and to Switzerland. Residents of other countries please <a href=\"\/kontakt.php\" title=\"to the contact form\">request<\/a>.<br \/>\nWorkshops and download products do not have shipping costs.<br \/>\nShipping costs of other products are calculated according to countries of the receiver and kind of mailing and are at least 3,\u2013&nbsp;\u20ac.<!--more--><\/p>\n<h3>Current state of october 2020<\/h3>\n<table>\n<tr>\n<td class=\"versandland\" colspan=\"2\">Austria (post)<\/td>\n<\/tr>\n<tr>\n<td>31,5&nbsp;kg<\/td>\n<td>18,&ndash;&nbsp;&euro;<\/td>\n<\/tr>\n<tr>\n<td>20&nbsp;kg<\/td>\n<td>16,&ndash;&nbsp;&euro;<\/td>\n<\/tr>\n<tr>\n<td>10&nbsp;kg<\/td>\n<td>11,&ndash;&nbsp;&euro;<\/td>\n<\/tr>\n<tr>\n<td>4&nbsp;kg<\/td>\n<td>8,&ndash;&nbsp;&euro;<\/td>\n<\/tr>\n<tr>\n<td>2&nbsp;kg<\/td>\n<td>4,50&nbsp;&euro;<\/td>\n<\/tr>\n<tr>\n<td>75&nbsp;g<\/td>\n<td>3,&ndash;&nbsp;&euro;<\/td>\n<\/tr>\n<tr>\n<td colspan=\"2\">no rectangular block:<\/td>\n<\/tr>\n<tr>\n<td>31,5&nbsp;kg<\/td>\n<td>29,&ndash;&nbsp;&euro;<\/td>\n<\/tr>\n<tr>\n<td>20&nbsp;kg<\/td>\n<td>26,&ndash;&nbsp;&euro;<\/td>\n<\/tr>\n<tr>\n<td>10&nbsp;kg<\/td>\n<td>19,&ndash;&nbsp;&euro;<\/td>\n<\/tr>\n<tr>\n<td>4&nbsp;kg<\/td>\n<td>16,&ndash;&nbsp;&euro;<\/td>\n<\/tr>\n<tr>\n<td>2&nbsp;kg<\/td>\n<td>14,&ndash;&nbsp;&euro;<\/td>\n<\/tr>\n<tr>\n<td class=\"versandland\" colspan=\"2\">EU (post)<\/td>\n<\/tr>\n<tr>\n<td>31,5&nbsp;kg<\/td>\n<td>42,&ndash;&nbsp;&euro;<\/td>\n<\/tr>\n<tr>\n<td>20&nbsp;kg<\/td>\n<td>31,&ndash;&nbsp;&euro;<\/td>\n<\/tr>\n<tr>\n<td>10&nbsp;kg<\/td>\n<td>21,&ndash;&nbsp;&euro;<\/td>\n<\/tr>\n<tr>\n<td>4&nbsp;kg<\/td>\n<td>17,&ndash;&nbsp;&euro;<\/td>\n<\/tr>\n<tr>\n<td>2&nbsp;kg<\/td>\n<td>7,&ndash;&nbsp;&euro;<\/td>\n<\/tr>\n<tr>\n<td>75&nbsp;g<\/td>\n<td>3,&ndash;&nbsp;&euro;<\/td>\n<\/tr>\n<tr>\n<td colspan=\"2\">no rectangular block:<\/td>\n<\/tr>\n<tr>\n<td>31,5&nbsp;kg<\/td>\n<td>88,&ndash;&nbsp;&euro;<\/td>\n<\/tr>\n<tr>\n<td>20&nbsp;kg<\/td>\n<td>66,&ndash;&nbsp;&euro;<\/td>\n<\/tr>\n<tr>\n<td>10&nbsp;kg<\/td>\n<td>45,&ndash;&nbsp;&euro;<\/td>\n<\/tr>\n<tr>\n<td>4&nbsp;kg<\/td>\n<td>36,&ndash;&nbsp;&euro;<\/td>\n<\/tr>\n<tr>\n<td>2&nbsp;kg<\/td>\n<td>33,&ndash;&nbsp;&euro;<\/td>\n<\/tr>\n<tr>\n<td>1&nbsp;kg<\/td>\n<td>28,&ndash;&nbsp;&euro;<\/td>\n<\/tr>\n<tr>\n<td class=\"versandland\" colspan=\"2\">Switzerland (post)<\/td>\n<\/tr>\n<tr>\n<td>31,5&nbsp;kg<\/td>\n<td>275,50&nbsp;&nbsp;&euro;<\/td>\n<\/tr>\n<tr>\n<td>20&nbsp;kg<\/td>\n<td>51,50&nbsp;&nbsp;&euro;<\/td>\n<\/tr>\n<tr>\n<td>10&nbsp;kg<\/td>\n<td>31,50&nbsp;&nbsp;&euro;<\/td>\n<\/tr>\n<tr>\n<td>4&nbsp;kg<\/td>\n<td>22,50&nbsp;&nbsp;&euro;<\/td>\n<\/tr>\n<tr>\n<td>2&nbsp;kg<\/td>\n<td>7,50&nbsp;&nbsp;&euro;<\/td>\n<\/tr>\n<tr>\n<td>75&nbsp;g<\/td>\n<td>3,&ndash;&nbsp;&euro;<\/td>\n<\/tr>\n<tr>\n<td colspan=\"2\">no rectangular block:<\/td>\n<\/tr>\n<tr>\n<td>20&nbsp;kg<\/td>\n<td>105,&ndash;&nbsp;&euro;<\/td>\n<\/tr>\n<tr>\n<td>10&nbsp;kg<\/td>\n<td>65,&ndash;&nbsp;&euro;<\/td>\n<\/tr>\n<tr>\n<td>4&nbsp;kg<\/td>\n<td>44,&ndash;&nbsp;&euro;<\/td>\n<\/tr>\n<tr>\n<td>2&nbsp;kg<\/td>\n<td>35,&ndash;&nbsp;&euro;<\/td>\n<\/tr>\n<tr>\n<td>1&nbsp;kg<\/td>\n<td>30,50&nbsp;&nbsp;&euro;<\/td>\n<\/tr>\n<\/table>\n<p><\/p>","protected":false},"excerpt":{"rendered":"<p>Sorry, this entry is only available in Deutsch.Ich liefere in alle L\u00e4nder der Europ\u00e4ischen Union und die Schweiz. Andere L\u00e4nder bitte anfragen! Workshops und Downloadprodukte haben keine Versandkosten. Die Versandkosten anderer Produkte berechnen sich je nach Land des Empf\u00e4ngers und &hellip; <a href=\"https:\/\/www.subhash.at\/fotoblog\/en\/versandkosten\/\">Continue reading <span class=\"meta-nav\">&rarr;<\/span><\/a><\/p>\n","protected":false},"author":1,"featured_media":0,"parent":0,"menu_order":0,"comment_status":"closed","ping_status":"closed","template":"shop.php","meta":{"footnotes":"","_wp_rev_ctl_limit":""},"class_list":["post-18","page","type-page","status-publish","hentry"],"aioseo_notices":[],"_links":{"self":[{"href":"https:\/\/www.subhash.at\/fotoblog\/en\/wp-json\/wp\/v2\/pages\/18","targetHints":{"allow":["GET"]}}],"collection":[{"href":"https:\/\/www.subhash.at\/fotoblog\/en\/wp-json\/wp\/v2\/pages"}],"about":[{"href":"https:\/\/www.subhash.at\/fotoblog\/en\/wp-json\/wp\/v2\/types\/page"}],"author":[{"embeddable":true,"href":"https:\/\/www.subhash.at\/fotoblog\/en\/wp-json\/wp\/v2\/users\/1"}],"replies":[{"embeddable":true,"href":"https:\/\/www.subhash.at\/fotoblog\/en\/wp-json\/wp\/v2\/comments?post=18"}],"version-history":[{"count":0,"href":"https:\/\/www.subhash.at\/fotoblog\/en\/wp-json\/wp\/v2\/pages\/18\/revisions"}],"wp:attachment":[{"href":"https:\/\/www.subhash.at\/fotoblog\/en\/wp-json\/wp\/v2\/media?parent=18"}],"curies":[{"name":"wp","href":"https:\/\/api.w.org\/{rel}","templated":true}]}}