{"id":14406,"date":"2020-12-14T11:43:28","date_gmt":"2020-12-14T10:43:28","guid":{"rendered":"https:\/\/www.subhash.at\/fotoblog\/?page_id=14406"},"modified":"2023-11-07T09:46:37","modified_gmt":"2023-11-07T08:46:37","slug":"kalender","status":"publish","type":"page","link":"https:\/\/www.subhash.at\/fotoblog\/en\/foto-workshops\/kalender\/","title":{"rendered":"(Deutsch) Foto-Workshop-Kalender 2022"},"content":{"rendered":"<p><br \/>\n<div id='icegram_shortcode_1'  data-campaigns=\"15846\"  class='ig_shortcode_container' ><\/div><\/p>","protected":false},"excerpt":{"rendered":"<p>Sorry, this entry is only available in Deutsch.Hier die ersten Foto-Workshop-Termine 2022 (wird eventuell erg\u00e4nzt): laufend Fotografie und Selbsterkenntnis Start: jederzeit Gratis-Testwoche! Fernkurs \u00fcber 12&nbsp;Wochen Information &amp; Anmeldung Ich bin m\u00f6glicherweise f\u00fcr Anfragen nach Terminen au\u00dferhalb der hier festgesetzten offen. &hellip; <a href=\"https:\/\/www.subhash.at\/fotoblog\/en\/foto-workshops\/kalender\/\">Continue reading <span class=\"meta-nav\">&rarr;<\/span><\/a><\/p>\n","protected":false},"author":1,"featured_media":0,"parent":11239,"menu_order":0,"comment_status":"closed","ping_status":"closed","template":"sidebar-page.php","meta":{"footnotes":"","_wp_rev_ctl_limit":""},"class_list":["post-14406","page","type-page","status-publish","hentry"],"aioseo_notices":[],"_links":{"self":[{"href":"https:\/\/www.subhash.at\/fotoblog\/en\/wp-json\/wp\/v2\/pages\/14406","targetHints":{"allow":["GET"]}}],"collection":[{"href":"https:\/\/www.subhash.at\/fotoblog\/en\/wp-json\/wp\/v2\/pages"}],"about":[{"href":"https:\/\/www.subhash.at\/fotoblog\/en\/wp-json\/wp\/v2\/types\/page"}],"author":[{"embeddable":true,"href":"https:\/\/www.subhash.at\/fotoblog\/en\/wp-json\/wp\/v2\/users\/1"}],"replies":[{"embeddable":true,"href":"https:\/\/www.subhash.at\/fotoblog\/en\/wp-json\/wp\/v2\/comments?post=14406"}],"version-history":[{"count":3,"href":"https:\/\/www.subhash.at\/fotoblog\/en\/wp-json\/wp\/v2\/pages\/14406\/revisions"}],"predecessor-version":[{"id":16351,"href":"https:\/\/www.subhash.at\/fotoblog\/en\/wp-json\/wp\/v2\/pages\/14406\/revisions\/16351"}],"up":[{"embeddable":true,"href":"https:\/\/www.subhash.at\/fotoblog\/en\/wp-json\/wp\/v2\/pages\/11239"}],"wp:attachment":[{"href":"https:\/\/www.subhash.at\/fotoblog\/en\/wp-json\/wp\/v2\/media?parent=14406"}],"curies":[{"name":"wp","href":"https:\/\/api.w.org\/{rel}","templated":true}]}}