{"id":12180,"date":"2019-01-07T14:24:36","date_gmt":"2019-01-07T13:24:36","guid":{"rendered":"http:\/\/www.subhash.at\/fotoblog\/?page_id=12180"},"modified":"2023-11-07T19:41:31","modified_gmt":"2023-11-07T18:41:31","slug":"teilnehmerstimmen","status":"publish","type":"page","link":"https:\/\/www.subhash.at\/fotoblog\/en\/foto-workshops\/teilnehmerstimmen\/","title":{"rendered":"Foto-Workshop-Teilnehmer*innenstimmen"},"content":{"rendered":"<p class=\"qtranxs-available-languages-message qtranxs-available-languages-message-en\">Sorry, this entry is only available in <a href=\"https:\/\/www.subhash.at\/fotoblog\/de\/wp-json\/wp\/v2\/pages\/12180\" class=\"qtranxs-available-language-link qtranxs-available-language-link-de\" title=\"Deutsch\">Deutsch<\/a>.<\/p><p>\u201eDanke f\u00fcr heute. War sch\u00f6n und produktiv. (Jederzeit wieder).\u201d<\/p>\n<p class=\"credits\">(Gerhard&nbsp;&ndash; Foto-Workshop \u201eLandschaftsfotografie im Oberen Kamptal\u201d)<\/p>\n<p>\u201eHat mir gestern sehr gefallen; was mich auch sehr anspricht, ist dein ,philosophischer Background\u2019 bzw. dein spiritueller Zugang zur Photographie. Denke, von dir kann ich noch vieles lernen bzw. mir ,abschauen\u2019.\u201d<\/p>\n<p class=\"credits\">(Josef&nbsp;&ndash; Foto-Workshop \u201eImpressionistische&nbsp;&amp; Abstrakte Fotografie\u201d)<\/p>\n<p>\u201e\u2026 der gestrige Tag hat mich nach ungef\u00e4hr 30&nbsp;Jahren wieder der Fotografie n\u00e4her gebracht. Ich denke, es war ein sehr guter Wiedereinstieg.\u201d<\/p>\n<p class=\"credits\">(Hubert&nbsp;&ndash; Foto-Workshop \u201eDas Spiel der Wirklichkeit\u201d)<\/p>\n<p>\u201eIch hatte mit dem Workshop einen sch\u00f6nen und sehr informativen Tag, und es war auch eine sehr angenehme Stimmung in unserer Runde. Manche Dinge kannte ich bereits, konnte sie Dank deiner Ausf\u00fchrungen wieder in Erinnerung rufen und auffrischen. Und einige Themen waren f\u00fcr mich neu, zumindest war der Zugang zur L\u00f6sung neu.<br \/>\nMein Motiv f\u00fcr die Teilnahme war ja, dass ich mich davon l\u00f6sen m\u00f6chte, die Wirklichkeit gegenst\u00e4ndlich abzubilden. Somit ist der Workshop f\u00fcr mich ein sehr guter Beitrag, um f\u00fcr meinen ,neuen Weg\u2019 die Weichen zu stellen.\u201d<\/p>\n<p class=\"credits\">(Othmar&nbsp;&ndash; Foto-Workshop \u201eImpressionistische&nbsp;&amp; Abstrakte Fotografie\u201d)<\/p>\n<p>\u201e\u2026 besonderen Dank f\u00fcr den Exklusiv-Workshop [\u2026]<br \/>\n\u2026 ich habe am n\u00e4chsten Tag bei meinem Ausflug am Lunzer See gemerkt, dass ich anders herangehe, und Neues ausprobiere. Hab wieder mehr Gef\u00fchl zum manuellen Belichten und meinen Fehler, nicht auf den scharfen Fokus zu achten, versuche ich zu beseitigen [\u2026] Es war ein durchaus bereichernder Tag \u2013 werde die Workshops sicher weiterempfehlen.\u201d<\/p>\n<p class=\"credits\">(Claudia&nbsp;&ndash; Foto-Workshop \u201eDas Spiel der Wirklichkeit\u201d)<\/p>\n<p>\u201eVielen Dank f\u00fcr diesen Workshop, neue Wirklichkeiten haben sich aufgetan \u2026\u201d<\/p>\n<p class=\"credits\">(Georg&nbsp;&ndash; Foto-Workshop \u201eDas Spiel der Wirklichkeit\u201d)<\/p>\n<p>\u201eMein Verst\u00e4ndnis von Fotografie hat sich seit dem Workshop vollst\u00e4ndig ver\u00e4ndert. Als Laienfotografin konnte ich begreifen, dass eine Kamera wie ein Instrument ist, auf dem man spielen, mit dem man experimentieren und je nach Geschmack und Laune ganz Unterschiedliches hervorbringen kann. Die \u00dcbungen haben dazu angeregt, sich auf ganz neue Art mit Sichtweisen und Gewohnheiten auseinanderzusetzen, neue Blickwinkel zu erproben und Wirklichkeit als unendliches Spiel von Variationen zu begreifen. In den gemeinsamen Bildbesprechungen wurde mir klar, dass auch meine Sicht der Wirklichkeit einmalig ist&nbsp;\u2013 seitdem traue ich mich mehr zu meinem ganz pers\u00f6nlichen Ausdruck zu stehen und nehme zum ersten Mal in meinem Leben demn\u00e4chst an einer Fotoausstellung teil. Ein herzliches Dankesch\u00f6n an die Workshopleiter, die uns geduldigst zur Seite standen und f\u00fcr jeden einzelnen da waren.\u201d<\/p>\n<p class=\"credits\">(Sophie&nbsp;&ndash; Foto-Workshop \u201eDas Spiel der Wirklichkeit\u201d)<\/p>\n<p>\u201eDie Tage haben mir sehr gut getan. Finde seither st\u00e4ndig Motive in eigentlich langweiliger, weil vertrauter Umgebung!\u201d<\/p>\n<p class=\"credits\">(Uli&nbsp;&ndash; Foto-Workshop \u201eDas Spiel der Wirklichkeit\u201d)<\/p>\n<p>\u201eIch habe anfangs dieses Jahres an dem Kurs teilgenommen und zwar als jemand, der zwar mit gro\u00dfem Spa\u00df fotografiert, von den technischen Details aber nicht wirklich Ahnung hat. Dies ganz im Gegensatz zu den \u00fcbrigen Kursteilnehmern. Dennoch habe ich mich in diesem Umfeld sehr wohl und auch wertgesch\u00e4tzt gef\u00fchlt. Naturgem\u00e4\u00df konnte man nicht f\u00fcr mich sozusagen bei 0 anfangen. Das war aber auch insoferne nicht n\u00f6tig, als ich einfach Unterst\u00fctzung im Einzelfall erfuhr. Das Wesentliche f\u00fcr mich an diesem Kurs war, dass mir klar wurde, dass meine Art, Dinge zu sehen, ihre Berechtigung hat und zu sch\u00f6nen Resultaten f\u00fchren kann und dass eine gro\u00dfe Lust am Spielen in mir geweckt wurde. Ich habe danach begonnen, im Alltag die Kamera immer wieder einmal herzunehmen und einfach zu experimentieren und zu schauen und vor allem SPASS damit zu haben.<br \/>\nDas macht nun noch l\u00e4ngst nicht eine gro\u00dfe Fotografin aus mir, immer noch sehe ich mich als am Anfang stehend an, aber es hat mir ein Ventil gegeben f\u00fcr einen in mir angelegten Drang zur Kreativit\u00e4t. Und tats\u00e4chlich kommt auch immer \u00f6fter einmal ein Lob von au\u00dfen&nbsp;\u2013 was zwar Freude macht, aber nicht meine eigentliche Triebfeder ist. Ich bin ein \u00fcberwiegend lustbetonter Mensch und da muss ich sagen: Daf\u00fcr war der Kurs mit seinen vielen Spielanleitungen perfekt!\u201d<\/p>\n<p class=\"credits\">(Ursula&nbsp;&ndash; Foto-Workshop \u201eDas Spiel der Wirklichkeit\u201d)<\/p>","protected":false},"excerpt":{"rendered":"<p>Sorry, this entry is only available in Deutsch.\u201eDanke f\u00fcr heute. War sch\u00f6n und produktiv. (Jederzeit wieder).\u201d (Gerhard&nbsp;&ndash; Foto-Workshop \u201eLandschaftsfotografie im Oberen Kamptal\u201d) \u201eHat mir gestern sehr gefallen; was mich auch sehr anspricht, ist dein ,philosophischer Background\u2019 bzw. dein spiritueller Zugang &hellip; <a href=\"https:\/\/www.subhash.at\/fotoblog\/en\/foto-workshops\/teilnehmerstimmen\/\">Continue reading <span class=\"meta-nav\">&rarr;<\/span><\/a><\/p>\n","protected":false},"author":1,"featured_media":0,"parent":11239,"menu_order":0,"comment_status":"closed","ping_status":"closed","template":"sidebar-page.php","meta":{"footnotes":"","_wp_rev_ctl_limit":""},"class_list":["post-12180","page","type-page","status-publish","hentry"],"aioseo_notices":[],"_links":{"self":[{"href":"https:\/\/www.subhash.at\/fotoblog\/en\/wp-json\/wp\/v2\/pages\/12180","targetHints":{"allow":["GET"]}}],"collection":[{"href":"https:\/\/www.subhash.at\/fotoblog\/en\/wp-json\/wp\/v2\/pages"}],"about":[{"href":"https:\/\/www.subhash.at\/fotoblog\/en\/wp-json\/wp\/v2\/types\/page"}],"author":[{"embeddable":true,"href":"https:\/\/www.subhash.at\/fotoblog\/en\/wp-json\/wp\/v2\/users\/1"}],"replies":[{"embeddable":true,"href":"https:\/\/www.subhash.at\/fotoblog\/en\/wp-json\/wp\/v2\/comments?post=12180"}],"version-history":[{"count":0,"href":"https:\/\/www.subhash.at\/fotoblog\/en\/wp-json\/wp\/v2\/pages\/12180\/revisions"}],"up":[{"embeddable":true,"href":"https:\/\/www.subhash.at\/fotoblog\/en\/wp-json\/wp\/v2\/pages\/11239"}],"wp:attachment":[{"href":"https:\/\/www.subhash.at\/fotoblog\/en\/wp-json\/wp\/v2\/media?parent=12180"}],"curies":[{"name":"wp","href":"https:\/\/api.w.org\/{rel}","templated":true}]}}